{"id":12298,"date":"2025-11-03T09:59:05","date_gmt":"2025-11-03T08:59:05","guid":{"rendered":"https:\/\/www.fondazionecariplo.it\/?page_id=12298"},"modified":"2026-04-09T16:11:22","modified_gmt":"2026-04-09T14:11:22","slug":"sfide-di-mandato","status":"publish","type":"page","link":"https:\/\/www.fondazionecariplo.it\/en\/strategy\/sfide-di-mandato\/","title":{"rendered":"Sfide di mandato"},"content":{"rendered":"\n<div style=\"background-color:#EDF5FF;padding:80px 2.5rem 80px 2.5rem\" class=\"wp-block-custom-hero-image-left hero-container-block\"><style>\n                        .hero-container-block .hero-columns-wrapper {\n                            max-width: 1400px;\n                            margin: 0 auto;\n                            gap: 60px !important;\n                            align-items: center;\n                        }\n                        .hero-container-block .hero-text-column h2 {\n                            font-size: 48px;\n                            font-weight: 400;\n                            line-height: 1.2;\n                            margin-top: 0;\n                        }\n                        .hero-container-block .hero-text-column p {\n                            font-size: 16px;\n                            line-height: 1.6;\n                        }\n                        .hero-container-block .hero-image-column img {\n                            border-radius: 24px;\n                        }\n                        @media (max-width: 1024px) {\n                            .hero-container-block .hero-columns-wrapper {\n                                gap: 40px !important;\n                            }\n                            .hero-container-block .hero-text-column h2 {\n                                font-size: 36px !important;\n                            }\n                        }\n                        @media (max-width: 781px) {\n                            .hero-container-block .hero-columns-wrapper {\n                                flex-direction: column-reverse !important;\n                            }\n                            .hero-container-block .hero-text-column h2 {\n                                font-size: 28px !important;\n                            }\n                        }\n                        <\/style>\n<div class=\"wp-block-columns hero-columns-wrapper is-layout-flex wp-container-core-columns-is-layout-9d6595d7 wp-block-columns-is-layout-flex\">\n<div class=\"wp-block-column hero-image-column is-layout-flow wp-block-column-is-layout-flow\" style=\"flex-basis:50%\">\n<figure class=\"wp-block-image size-full hero-image-default\"><img loading=\"lazy\" decoding=\"async\" width=\"1024\" height=\"683\" src=\"https:\/\/www.fondazionecariplo.it\/wp-content\/uploads\/2025\/12\/sfide-mandato-ambiti.jpg\" alt=\"\" class=\"wp-image-9125\" srcset=\"https:\/\/www.fondazionecariplo.it\/wp-content\/uploads\/2025\/12\/sfide-mandato-ambiti.jpg 1024w, https:\/\/www.fondazionecariplo.it\/wp-content\/uploads\/2025\/12\/sfide-mandato-ambiti-300x200.jpg 300w, https:\/\/www.fondazionecariplo.it\/wp-content\/uploads\/2025\/12\/sfide-mandato-ambiti-768x512.jpg 768w\" sizes=\"auto, (max-width: 1024px) 100vw, 1024px\" \/><\/figure>\n<\/div>\n\n\n\n<div class=\"wp-block-column hero-text-column is-layout-flow wp-block-column-is-layout-flow\" style=\"flex-basis:50%\">\n<h2 class=\"wp-block-heading\">Il nostro approccio alle <em>Sfide di Mandato<\/em><\/h2>\n\n\n\n<p>Le <strong>Sfide di Mandato<\/strong> rappresentano ambiti in cui riteniamo urgente intervenire per sostenere percorsi di autonomia, inclusione e benessere attraverso un approccio sistemico. Le sfide individuate ci permettono di concentrare l\u2019<strong>azione su fenomeni emergenti ad alto impatto sulle persone e sulle comunit\u00e0<\/strong>, sviluppando risposte che rafforzano <strong>equit\u00e0, partecipazione e possibilit\u00e0 di inclusione<\/strong>.<\/p>\n<\/div>\n<\/div>\n<\/div>\n\n\n\n<div style=\"background-color:#EDF5FF;padding:80px 2.5rem 80px 2.5rem\" class=\"wp-block-custom-hero-image-right hero-container-block\"><style>\n                        .hero-container-block .hero-columns-wrapper {\n                            max-width: 1400px;\n                            margin: 0 auto;\n                            gap: 60px !important;\n                            align-items: center;\n                        }\n                        .hero-container-block .hero-text-column h2 {\n                            font-size: 48px;\n                            font-weight: 400;\n                            line-height: 1.2;\n                            margin-top: 0;\n                        }\n                        .hero-container-block .hero-text-column p {\n                            font-size: 16px;\n                            line-height: 1.6;\n                        }\n                        .hero-container-block .hero-image-column img {\n                            border-radius: 24px;\n                        }\n                        @media (max-width: 1024px) {\n                            .hero-container-block .hero-columns-wrapper {\n                                gap: 40px !important;\n                            }\n                            .hero-container-block .hero-text-column h2 {\n                                font-size: 36px !important;\n                            }\n                        }\n                        @media (max-width: 781px) {\n                            .hero-container-block .hero-columns-wrapper {\n                                flex-direction: column-reverse !important;\n                            }\n                            .hero-container-block .hero-text-column h2 {\n                                font-size: 28px !important;\n                            }\n                        }\n                        <\/style>\n<div class=\"wp-block-columns hero-columns-wrapper is-layout-flex wp-container-core-columns-is-layout-9d6595d7 wp-block-columns-is-layout-flex\">\n<div class=\"wp-block-column hero-text-column is-layout-flow wp-block-column-is-layout-flow\" style=\"flex-basis:50%\">\n<h2 class=\"wp-block-heading\">Integrare competenze, dati e alleanze per <em>generare impatto<\/em>&nbsp;<\/h2>\n\n\n\n<p>Per rispondere con efficacia alla complessit\u00e0 delle sfide, promuoviamo un <strong>modello di lavoro che mette in relazione aree sociali, culturali, ambientali e scientifiche.<\/strong> Fondazione Cariplo ha stabilito di impegnarsi sull\u2019avvio di tre grandi sfide di carattere trasversale, ognuna con una disponibilit\u00e0 massima di 20 milioni di euro: <strong>ZeroNeet, Anita, Destinazione Autonomia<\/strong>. A queste si aggiunge dal 2026 una quarta sfida di mandato dedicata alla <strong>tematica della situazione carceraria<\/strong> nel territorio di riferimento di Fondazione Cariplo e per cui sono stati preventivamente stanziati 20 milioni di euro.<\/p>\n<\/div>\n\n\n\n<div class=\"wp-block-column hero-image-column is-layout-flow wp-block-column-is-layout-flow\" style=\"flex-basis:50%\">\n<figure class=\"wp-block-image size-full hero-image-default\"><img loading=\"lazy\" decoding=\"async\" width=\"1024\" height=\"683\" src=\"https:\/\/www.fondazionecariplo.it\/wp-content\/uploads\/2025\/12\/generare-impatto.jpg\" alt=\"\" class=\"wp-image-9128\" srcset=\"https:\/\/www.fondazionecariplo.it\/wp-content\/uploads\/2025\/12\/generare-impatto.jpg 1024w, https:\/\/www.fondazionecariplo.it\/wp-content\/uploads\/2025\/12\/generare-impatto-300x200.jpg 300w, https:\/\/www.fondazionecariplo.it\/wp-content\/uploads\/2025\/12\/generare-impatto-768x512.jpg 768w\" sizes=\"auto, (max-width: 1024px) 100vw, 1024px\" \/><\/figure>\n<\/div>\n<\/div>\n<\/div>\n\n\n\n<h2 class=\"wp-block-heading\">Scopri le Sfide di Mandato<\/h2>\n\n\n\n<div style=\"height:20px\" aria-hidden=\"true\" class=\"wp-block-spacer\"><\/div>\n\n\n\n<div class=\"lanci-interni-block\">\n    <div class=\"lanci-interni-container lanci-count-4\">\n                    <div class=\"lancio-item\" style=\"background-color: #EDF5FF;\">\n                <div class=\"lancio-content\">\n                                            <span class=\"lancio-small-label\">ZeroNeet<\/span>\n                                        \n                                            <p class=\"lancio-title\">Sosteniamo i giovani che non studiano e non lavorano, promuovendo percorsi di attivazione, apprendimento e crescita personale. Favoriamo contesti capaci di intercettare precocemente il disagio, costruire opportunit\u00e0 educative e lavorative e rafforzare la partecipazione.<\/p>\n                                        \n                                            <a href=\"https:\/\/www.fondazionecariplo.it\/strategia\/sfide-di-mandato\/zeroneet\/\" class=\"btn__blue align-self-start\">\n                            <span>Scopri di pi\u00f9<\/span>\n                        <\/a>\n                                    <\/div>\n            <\/div>\n                    <div class=\"lancio-item\" style=\"background-color: #EDF5FF;\">\n                <div class=\"lancio-content\">\n                                            <span class=\"lancio-small-label\">Destinazione Autonomia<\/span>\n                                        \n                                            <p class=\"lancio-title\">Promuoviamo percorsi di autonomia per le persone con disabilit\u00e0, sostenendo progetti di vita personalizzati, reti di prossimit\u00e0 e modelli collaborativi che valorizzano capacit\u00e0, aspirazioni e partecipazione attiva alla comunit\u00e0. <\/p>\n                                        \n                                            <a href=\"https:\/\/www.fondazionecariplo.it\/strategia\/sfide-di-mandato\/destinazione-autonomia\/\" class=\"btn__blue align-self-start\">\n                            <span>Scopri di pi\u00f9<\/span>\n                        <\/a>\n                                    <\/div>\n            <\/div>\n                    <div class=\"lancio-item\" style=\"background-color: #EDF5FF;\">\n                <div class=\"lancio-content\">\n                                            <span class=\"lancio-small-label\">Anita <\/span>\n                                        \n                                            <p class=\"lancio-title\">Mettiamo al centro i primi anni di vita, sostenendo famiglie, servizi educativi e comunit\u00e0 affinch\u00e9 tutte le bambine e i bambini possano sviluppare il proprio potenziale. Agiamo sulla povert\u00e0 educativa fin dalla prima infanzia, rafforzando alleanze territoriali e competenze degli adulti di riferimento.<\/p>\n                                        \n                                            <a href=\"https:\/\/www.fondazionecariplo.it\/strategia\/sfide-di-mandato\/anita\/\" class=\"btn__blue align-self-start\">\n                            <span>Scopri di pi\u00f9<\/span>\n                        <\/a>\n                                    <\/div>\n            <\/div>\n                    <div class=\"lancio-item\" style=\"background-color: #EDF5FF;\">\n                <div class=\"lancio-content\">\n                                            <span class=\"lancio-small-label\">Persone Detenute<\/span>\n                                        \n                                            <p class=\"lancio-title\">Lavoriamo per migliorare le condizioni delle persone coinvolte nei percorsi penitenziari, promuovendo inclusione, formazione e opportunit\u00e0 di reinserimento. Sosteniamo comunit\u00e0 e reti territoriali che accompagnano percorsi complessi, prevenendo marginalit\u00e0 e recidiva. <\/p>\n                                        \n                                            <a href=\"https:\/\/www.fondazionecariplo.it\/strategia\/sfide-di-mandato\/detenuti\/\" class=\"btn__blue align-self-start\">\n                            <span>Scopri di pi\u00f9<\/span>\n                        <\/a>\n                                    <\/div>\n            <\/div>\n            <\/div>\n<\/div>\n\n\n\n<div style=\"height:70px\" aria-hidden=\"true\" class=\"wp-block-spacer\"><\/div>\n\n\n\n<div class=\"wp-block-group\"><div class=\"wp-block-group__inner-container is-layout-constrained wp-block-group-is-layout-constrained\">\n<h2 class=\"wp-block-heading\">Documenti di approfondimento&nbsp;<\/h2>\n\n\n\n<h3 class=\"wp-block-heading\">In questa sezione trovi tutti i documenti relativi alle Sfide di Mandato&nbsp;<\/h3>\n\n\n    \n            <!-- VISUALIZZAZIONE FRONTEND -->\n        <div class=\"related-cards-block\">\n            <div class=\"row\">\n                \n<div class=\"col-md-4 mb-4\">\n    <article class=\"card__documento d-flex flex-column\">\n        <div class=\"card-body\">\n            <h3 id=\"card-doc-title-3488\">\n                Documento Programmatico Previsionale Pluriennale 2024-2027            <\/h3>\n        <\/div>\n        <a href=\"https:\/\/www.fondazionecariplo.it\/wp-content\/uploads\/2025\/12\/dppp-2024-27-approvato-dalla-ccb-del-26-10-2023.pdf\" target=\"_blank\" class=\"card__link__file\" aria-describedby=\"card-doc-title-3488\">\n            Scarica il file        <\/a>\n    <\/article>\n<\/div>\n<div class=\"col-md-4 mb-4\">\n    <article class=\"card__documento d-flex flex-column\">\n        <div class=\"card-body\">\n            <h3 id=\"card-doc-title-3510\">\n                Documento Programmatico Previsionale Annuale 2025            <\/h3>\n        <\/div>\n        <a href=\"https:\/\/www.fondazionecariplo.it\/wp-content\/uploads\/2025\/12\/dppa-2025-approvato-dalla-ccb-del-28-10-2024.pdf\" target=\"_blank\" class=\"card__link__file\" aria-describedby=\"card-doc-title-3510\">\n            Scarica il file        <\/a>\n    <\/article>\n<\/div>            <\/div>\n        <\/div>\n        \n<\/div><\/div>\n","protected":false},"excerpt":{"rendered":"<p>Scopri le Sfide di Mandato Documenti di approfondimento&nbsp; In questa sezione trovi tutti i documenti relativi alle Sfide di Mandato&nbsp;<\/p>\n","protected":false},"author":1,"featured_media":12265,"parent":12203,"menu_order":3,"comment_status":"closed","ping_status":"closed","template":"","meta":{"_acf_changed":false,"inline_featured_image":false,"footnotes":""},"class_list":["post-12298","page","type-page","status-publish","has-post-thumbnail","hentry"],"acf":[],"yoast_head":"<!-- This site is optimized with the Yoast SEO plugin v27.3 - https:\/\/yoast.com\/product\/yoast-seo-wordpress\/ -->\n<title>Sfide di mandato - Fondazione Cariplo<\/title>\n<meta name=\"robots\" content=\"index, follow, max-snippet:-1, max-image-preview:large, max-video-preview:-1\" \/>\n<link rel=\"canonical\" href=\"https:\/\/www.fondazionecariplo.it\/en\/strategy\/sfide-di-mandato\/\" \/>\n<meta property=\"og:locale\" content=\"en_US\" \/>\n<meta property=\"og:type\" content=\"article\" \/>\n<meta property=\"og:title\" content=\"Sfide di mandato - Fondazione Cariplo\" \/>\n<meta property=\"og:description\" content=\"Scopri le Sfide di Mandato Documenti di approfondimento&nbsp; In questa sezione trovi tutti i documenti relativi alle Sfide di Mandato&nbsp;\" \/>\n<meta property=\"og:url\" content=\"https:\/\/www.fondazionecariplo.it\/en\/strategy\/sfide-di-mandato\/\" \/>\n<meta property=\"og:site_name\" content=\"Fondazione Cariplo\" \/>\n<meta property=\"article:modified_time\" content=\"2026-04-09T14:11:22+00:00\" \/>\n<meta property=\"og:image\" content=\"https:\/\/www.fondazionecariplo.it\/wp-content\/uploads\/2025\/11\/HEAD_filantropiche-scaled.jpg\" \/>\n\t<meta property=\"og:image:width\" content=\"2560\" \/>\n\t<meta property=\"og:image:height\" content=\"740\" \/>\n\t<meta property=\"og:image:type\" content=\"image\/jpeg\" \/>\n<meta name=\"twitter:card\" content=\"summary_large_image\" \/>\n<meta name=\"twitter:label1\" content=\"Est. reading time\" \/>\n\t<meta name=\"twitter:data1\" content=\"1 minute\" \/>\n<script type=\"application\/ld+json\" class=\"yoast-schema-graph\">{\"@context\":\"https:\\\/\\\/schema.org\",\"@graph\":[{\"@type\":\"WebPage\",\"@id\":\"https:\\\/\\\/www.fondazionecariplo.it\\\/en\\\/strategy\\\/sfide-di-mandato\\\/\",\"url\":\"https:\\\/\\\/www.fondazionecariplo.it\\\/en\\\/strategy\\\/sfide-di-mandato\\\/\",\"name\":\"Sfide di mandato - Fondazione Cariplo\",\"isPartOf\":{\"@id\":\"https:\\\/\\\/www.fondazionecariplo.it\\\/#website\"},\"primaryImageOfPage\":{\"@id\":\"https:\\\/\\\/www.fondazionecariplo.it\\\/en\\\/strategy\\\/sfide-di-mandato\\\/#primaryimage\"},\"image\":{\"@id\":\"https:\\\/\\\/www.fondazionecariplo.it\\\/en\\\/strategy\\\/sfide-di-mandato\\\/#primaryimage\"},\"thumbnailUrl\":\"https:\\\/\\\/www.fondazionecariplo.it\\\/wp-content\\\/uploads\\\/2025\\\/11\\\/HEAD_filantropiche-scaled.jpg\",\"datePublished\":\"2025-11-03T08:59:05+00:00\",\"dateModified\":\"2026-04-09T14:11:22+00:00\",\"breadcrumb\":{\"@id\":\"https:\\\/\\\/www.fondazionecariplo.it\\\/en\\\/strategy\\\/sfide-di-mandato\\\/#breadcrumb\"},\"inLanguage\":\"en-US\",\"potentialAction\":[{\"@type\":\"ReadAction\",\"target\":[\"https:\\\/\\\/www.fondazionecariplo.it\\\/en\\\/strategy\\\/sfide-di-mandato\\\/\"]}]},{\"@type\":\"ImageObject\",\"inLanguage\":\"en-US\",\"@id\":\"https:\\\/\\\/www.fondazionecariplo.it\\\/en\\\/strategy\\\/sfide-di-mandato\\\/#primaryimage\",\"url\":\"https:\\\/\\\/www.fondazionecariplo.it\\\/wp-content\\\/uploads\\\/2025\\\/11\\\/HEAD_filantropiche-scaled.jpg\",\"contentUrl\":\"https:\\\/\\\/www.fondazionecariplo.it\\\/wp-content\\\/uploads\\\/2025\\\/11\\\/HEAD_filantropiche-scaled.jpg\",\"width\":2560,\"height\":740},{\"@type\":\"BreadcrumbList\",\"@id\":\"https:\\\/\\\/www.fondazionecariplo.it\\\/en\\\/strategy\\\/sfide-di-mandato\\\/#breadcrumb\",\"itemListElement\":[{\"@type\":\"ListItem\",\"position\":1,\"name\":\"Home\",\"item\":\"https:\\\/\\\/www.fondazionecariplo.it\\\/en\\\/\"},{\"@type\":\"ListItem\",\"position\":2,\"name\":\"Strategy\",\"item\":\"https:\\\/\\\/www.fondazionecariplo.it\\\/en\\\/strategy\\\/\"},{\"@type\":\"ListItem\",\"position\":3,\"name\":\"Sfide di mandato\"}]},{\"@type\":\"WebSite\",\"@id\":\"https:\\\/\\\/www.fondazionecariplo.it\\\/#website\",\"url\":\"https:\\\/\\\/www.fondazionecariplo.it\\\/\",\"name\":\"Fondazione Cariplo\",\"description\":\"\",\"potentialAction\":[{\"@type\":\"SearchAction\",\"target\":{\"@type\":\"EntryPoint\",\"urlTemplate\":\"https:\\\/\\\/www.fondazionecariplo.it\\\/?s={search_term_string}\"},\"query-input\":{\"@type\":\"PropertyValueSpecification\",\"valueRequired\":true,\"valueName\":\"search_term_string\"}}],\"inLanguage\":\"en-US\"}]}<\/script>\n<!-- \/ Yoast SEO plugin. -->","yoast_head_json":{"title":"Sfide di mandato - Fondazione Cariplo","robots":{"index":"index","follow":"follow","max-snippet":"max-snippet:-1","max-image-preview":"max-image-preview:large","max-video-preview":"max-video-preview:-1"},"canonical":"https:\/\/www.fondazionecariplo.it\/en\/strategy\/sfide-di-mandato\/","og_locale":"en_US","og_type":"article","og_title":"Sfide di mandato - Fondazione Cariplo","og_description":"Scopri le Sfide di Mandato Documenti di approfondimento&nbsp; In questa sezione trovi tutti i documenti relativi alle Sfide di Mandato&nbsp;","og_url":"https:\/\/www.fondazionecariplo.it\/en\/strategy\/sfide-di-mandato\/","og_site_name":"Fondazione Cariplo","article_modified_time":"2026-04-09T14:11:22+00:00","og_image":[{"width":2560,"height":740,"url":"https:\/\/www.fondazionecariplo.it\/wp-content\/uploads\/2025\/11\/HEAD_filantropiche-scaled.jpg","type":"image\/jpeg"}],"twitter_card":"summary_large_image","twitter_misc":{"Est. reading time":"1 minute"},"schema":{"@context":"https:\/\/schema.org","@graph":[{"@type":"WebPage","@id":"https:\/\/www.fondazionecariplo.it\/en\/strategy\/sfide-di-mandato\/","url":"https:\/\/www.fondazionecariplo.it\/en\/strategy\/sfide-di-mandato\/","name":"Sfide di mandato - Fondazione Cariplo","isPartOf":{"@id":"https:\/\/www.fondazionecariplo.it\/#website"},"primaryImageOfPage":{"@id":"https:\/\/www.fondazionecariplo.it\/en\/strategy\/sfide-di-mandato\/#primaryimage"},"image":{"@id":"https:\/\/www.fondazionecariplo.it\/en\/strategy\/sfide-di-mandato\/#primaryimage"},"thumbnailUrl":"https:\/\/www.fondazionecariplo.it\/wp-content\/uploads\/2025\/11\/HEAD_filantropiche-scaled.jpg","datePublished":"2025-11-03T08:59:05+00:00","dateModified":"2026-04-09T14:11:22+00:00","breadcrumb":{"@id":"https:\/\/www.fondazionecariplo.it\/en\/strategy\/sfide-di-mandato\/#breadcrumb"},"inLanguage":"en-US","potentialAction":[{"@type":"ReadAction","target":["https:\/\/www.fondazionecariplo.it\/en\/strategy\/sfide-di-mandato\/"]}]},{"@type":"ImageObject","inLanguage":"en-US","@id":"https:\/\/www.fondazionecariplo.it\/en\/strategy\/sfide-di-mandato\/#primaryimage","url":"https:\/\/www.fondazionecariplo.it\/wp-content\/uploads\/2025\/11\/HEAD_filantropiche-scaled.jpg","contentUrl":"https:\/\/www.fondazionecariplo.it\/wp-content\/uploads\/2025\/11\/HEAD_filantropiche-scaled.jpg","width":2560,"height":740},{"@type":"BreadcrumbList","@id":"https:\/\/www.fondazionecariplo.it\/en\/strategy\/sfide-di-mandato\/#breadcrumb","itemListElement":[{"@type":"ListItem","position":1,"name":"Home","item":"https:\/\/www.fondazionecariplo.it\/en\/"},{"@type":"ListItem","position":2,"name":"Strategy","item":"https:\/\/www.fondazionecariplo.it\/en\/strategy\/"},{"@type":"ListItem","position":3,"name":"Sfide di mandato"}]},{"@type":"WebSite","@id":"https:\/\/www.fondazionecariplo.it\/#website","url":"https:\/\/www.fondazionecariplo.it\/","name":"Fondazione Cariplo","description":"","potentialAction":[{"@type":"SearchAction","target":{"@type":"EntryPoint","urlTemplate":"https:\/\/www.fondazionecariplo.it\/?s={search_term_string}"},"query-input":{"@type":"PropertyValueSpecification","valueRequired":true,"valueName":"search_term_string"}}],"inLanguage":"en-US"}]}},"_links":{"self":[{"href":"https:\/\/www.fondazionecariplo.it\/en\/wp-json\/wp\/v2\/pages\/12298","targetHints":{"allow":["GET"]}}],"collection":[{"href":"https:\/\/www.fondazionecariplo.it\/en\/wp-json\/wp\/v2\/pages"}],"about":[{"href":"https:\/\/www.fondazionecariplo.it\/en\/wp-json\/wp\/v2\/types\/page"}],"author":[{"embeddable":true,"href":"https:\/\/www.fondazionecariplo.it\/en\/wp-json\/wp\/v2\/users\/1"}],"replies":[{"embeddable":true,"href":"https:\/\/www.fondazionecariplo.it\/en\/wp-json\/wp\/v2\/comments?post=12298"}],"version-history":[{"count":1,"href":"https:\/\/www.fondazionecariplo.it\/en\/wp-json\/wp\/v2\/pages\/12298\/revisions"}],"predecessor-version":[{"id":12302,"href":"https:\/\/www.fondazionecariplo.it\/en\/wp-json\/wp\/v2\/pages\/12298\/revisions\/12302"}],"up":[{"embeddable":true,"href":"https:\/\/www.fondazionecariplo.it\/en\/wp-json\/wp\/v2\/pages\/12203"}],"wp:featuredmedia":[{"embeddable":true,"href":"https:\/\/www.fondazionecariplo.it\/en\/wp-json\/wp\/v2\/media\/12265"}],"wp:attachment":[{"href":"https:\/\/www.fondazionecariplo.it\/en\/wp-json\/wp\/v2\/media?parent=12298"}],"curies":[{"name":"wp","href":"https:\/\/api.w.org\/{rel}","templated":true}]}}